{"id":2121,"date":"2024-08-14T19:10:22","date_gmt":"2024-08-14T19:10:22","guid":{"rendered":"https:\/\/iptv-polskie.com\/?page_id=2121"},"modified":"2025-06-09T13:32:11","modified_gmt":"2025-06-09T13:32:11","slug":"blog","status":"publish","type":"page","link":"https:\/\/iptv-polskie.com\/en\/blog\/","title":{"rendered":"blog"},"content":{"rendered":"<div data-elementor-type=\"wp-page\" data-elementor-id=\"2121\" class=\"elementor elementor-2121\" data-elementor-post-type=\"page\">\n\t\t\t\t\t\t<section class=\"elementor-section elementor-top-section elementor-element elementor-element-2876a054 elementor-section-boxed elementor-section-height-default elementor-section-height-default\" data-id=\"2876a054\" data-element_type=\"section\" data-e-type=\"section\" data-settings=\"{&quot;background_background&quot;:&quot;classic&quot;}\">\n\t\t\t\t\t\t<div class=\"elementor-container elementor-column-gap-default\">\n\t\t\t\t\t<div class=\"elementor-column elementor-col-100 elementor-top-column elementor-element elementor-element-62d97562\" data-id=\"62d97562\" data-element_type=\"column\" data-e-type=\"column\">\n\t\t\t<div class=\"elementor-widget-wrap elementor-element-populated\">\n\t\t\t\t\t\t<section class=\"elementor-section elementor-inner-section elementor-element elementor-element-b570c1f elementor-section-boxed elementor-section-height-default elementor-section-height-default\" data-id=\"b570c1f\" data-element_type=\"section\" data-e-type=\"section\" data-settings=\"{&quot;background_background&quot;:&quot;gradient&quot;}\">\n\t\t\t\t\t\t\t<div class=\"elementor-background-overlay\"><\/div>\n\t\t\t\t\t\t\t<div class=\"elementor-container elementor-column-gap-default\">\n\t\t\t\t\t<div class=\"elementor-column elementor-col-100 elementor-inner-column elementor-element elementor-element-1e774b72\" data-id=\"1e774b72\" data-element_type=\"column\" data-e-type=\"column\">\n\t\t\t<div class=\"elementor-widget-wrap elementor-element-populated\">\n\t\t\t\t\t\t<div class=\"elementor-element elementor-element-6e1704d2 elementor-invisible elementor-widget elementor-widget-heading\" data-id=\"6e1704d2\" data-element_type=\"widget\" data-e-type=\"widget\" data-settings=\"{&quot;_animation&quot;:&quot;bounceIn&quot;}\" data-widget_type=\"heading.default\">\n\t\t\t\t<div class=\"elementor-widget-container\">\n\t\t\t\t\t<h1 class=\"elementor-heading-title elementor-size-default\">BLOG<\/h1>\t\t\t\t<\/div>\n\t\t\t\t<\/div>\n\t\t\t\t\t<\/div>\n\t\t<\/div>\n\t\t\t\t\t<\/div>\n\t\t<\/section>\n\t\t\t\t\t<\/div>\n\t\t<\/div>\n\t\t\t\t\t<\/div>\n\t\t<\/section>\n\t\t\t\t<section class=\"elementor-section elementor-top-section elementor-element elementor-element-330995a elementor-section-boxed elementor-section-height-default elementor-section-height-default\" data-id=\"330995a\" data-element_type=\"section\" data-e-type=\"section\">\n\t\t\t\t\t\t<div class=\"elementor-container elementor-column-gap-default\">\n\t\t\t\t\t<div class=\"elementor-column elementor-col-100 elementor-top-column elementor-element elementor-element-9dbc9d9\" data-id=\"9dbc9d9\" data-element_type=\"column\" data-e-type=\"column\">\n\t\t\t<div class=\"elementor-widget-wrap elementor-element-populated\">\n\t\t\t\t\t\t<div class=\"elementor-element elementor-element-9ce1455 meta-visibility-show section-title-style-style1 title_position_default title_hover_border_default title-default img_hover_animation_default meta_position_default readmore-btn-default-style grid-hover-overlay-type-always tpg-el-box-border-enable tpg-border-bottom-disable elementor-widget elementor-widget-tpg-grid-layout\" data-id=\"9ce1455\" data-element_type=\"widget\" data-e-type=\"widget\" data-widget_type=\"tpg-grid-layout.default\">\n\t\t\t\t<div class=\"elementor-widget-container\">\n\t\t\t\t\t\t\t<div class=\"rt-container-fluid rt-tpg-container tpg-el-main-wrapper clearfix grid-layout1-main\"\n\t\t\t id=\"rt-tpg-container-3608037970\"\n\t\t\t data-layout=\"grid-layout1\"\n\t\t\t data-grid-style=\"tpg-full-height\"\n\t\t\t data-sc-id=\"elementor\"\n\t\t\t data-el-settings=''\n\t\t\t data-el-query=''\n\t\t\t data-el-path=''\n\t\t>\n\t\t\t\t\t\t\t<div id=\"bottom-script-loader\" class=\"bottom-script-loader\">\n\t\t\t\t\t<div class=\"rt-ball-clip-rotate\">\n\t\t\t\t\t\t<div><\/div>\n\t\t\t\t\t<\/div>\n\t\t\t\t<\/div>\n\t\t\t\t\t\t\t<div class='tpg-header-wrapper'>\n\t\t\t\t\n        <div class=\"tpg-widget-heading-wrapper rt-clear heading-style1\">\n            <span class=\"tpg-widget-heading-line line-left\"><\/span>\n\t\t\t<h2 class='tpg-widget-heading'>\n\t\t\t\n\t\t\t\t                    <span>\n\t\t\t\t\t\tBlog\t\t\t\t\t<\/span>\n\t\t\t\t\t\n\t\t\t\t\t\t\t<\/h2>            <span class=\"tpg-widget-heading-line line-right\"><\/span>\n\n\t\t\t\n        <\/div>\n\n\t\t\n\t\t\t\t\t<\/div>\n\n\t\t\t<div data-title=\"Loading ...\" class=\"rt-row rt-content-loader grid-layout1 grid-behaviour tpg-full-height grid_layout_wrapper\">\n\t\t\t\t<div class=\"rt-col-md-4 rt-col-sm-6 rt-col-xs-12 default rt-grid-item post-3299 post type-post status-publish format-standard has-post-thumbnail hentry category-iptv\"        data-id=\"3299\">\n    <div class=\"rt-holder tpg-post-holder\">\n        <div class=\"rt-detail rt-el-content-wrapper\">\n\t\t\t                <div class=\"rt-img-holder tpg-el-image-wrap has-thumbnail\">\n\t\t\t\t\t<a data-id=\"3299\" href=\"https:\/\/iptv-polskie.com\/en\/zainstaluj-darmowa-aplikacje-iptv-smarters-pro-zarowno-na-telefonie-jak-i-telewizorze-a-takze-weeb-tv\/\" class=\"tpg-post-link\" target=\"_self\">                        <img fetchpriority=\"high\" decoding=\"async\" src=\"https:\/\/iptv-polskie.com\/wp-content\/uploads\/2025\/06\/iptv-smarters-pro-hero-768x492.webp\"\n                             class=\"rt-img-responsive\"\n                             width=\"768\"\n                             height=\"492\"\n                             alt=\"iptv smarters pro\">\n\t\t\t\t\t\t\n\t\t\t\t\t\t\t\n\t\t<\/a>\n\t\t        <div class=\"overlay grid-hover-content\"><\/div>\n\t\t                <\/div>\n\t\t\t\n\t\t\t<div class=\"entry-title-wrapper\"><h3 class=\"entry-title\"><a data-id=\"3299\" href=\"https:\/\/iptv-polskie.com\/en\/zainstaluj-darmowa-aplikacje-iptv-smarters-pro-zarowno-na-telefonie-jak-i-telewizorze-a-takze-weeb-tv\/\" class=\"tpg-post-link\" target=\"_self\">Zainstaluj najlepsz\u0105 darmow\u0105 aplikacj\u0119 IPTV Smarters Pro zar\u00f3wno na telefonie, jak i telewizorze, a tak\u017ce Weeb TV.<\/a><\/h3><\/div>\n\t\t\t                <div class=\"post-meta-tags rt-el-post-meta\">\n\t\t\t\t\t            <span class='date'>\n\t\t\t\t<i class='far fa-calendar-alt'><\/i>\t\t\t\t                    <a href=\"https:\/\/iptv-polskie.com\/en\/2025\/06\/13\/\">\n\t\t\t\t\tJune 13, 2025\t\t\t\t<\/a>\n\t\t\t\t\t\t\t<\/span>\n\t\t\t                <\/div>\n\t\t\t\n\n\t\t\t                <div class=\"tpg-excerpt tpg-el-excerpt\">\n\t\t\t\t\t                        <div class=\"tpg-excerpt-inner\">\n\t\t\t\t\t\t\tZainstaluj darmow\u0105 aplikacj\u0119 IPTV Smarters Pro zar\u00f3wno na telefonie, jak i telewizorze, a tak\u017ce Weeb TV. IPTV Smarters Pro to pot\u0119\u017cny i wszechstronny odtwarzacz multimedialny, kt\u00f3ry zapewnia p\u0142ynne i...                        <\/div>\n\t\t\t\t\t\t\t\t\t\t                <\/div>\n\t\t\t\n\t\t\t        <div class=\"post-footer\">\n            <div class=\"post-footer\">\n                <div class=\"read-more\">\n\t\t\t\t\t<a data-id=\"3299\" href=\"https:\/\/iptv-polskie.com\/en\/zainstaluj-darmowa-aplikacje-iptv-smarters-pro-zarowno-na-telefonie-jak-i-telewizorze-a-takze-weeb-tv\/\" class=\"tpg-post-link\" target=\"_self\">Przeczytaj wi\u0119cej<\/a>                <\/div>\n            <\/div>\n        <\/div>\n\t\t        <\/div>\n    <\/div>\n<\/div>\n<div class=\"rt-col-md-4 rt-col-sm-6 rt-col-xs-12 default rt-grid-item post-3244 post type-post status-publish format-standard has-post-thumbnail hentry category-sport\"        data-id=\"3244\">\n    <div class=\"rt-holder tpg-post-holder\">\n        <div class=\"rt-detail rt-el-content-wrapper\">\n\t\t\t                <div class=\"rt-img-holder tpg-el-image-wrap has-thumbnail\">\n\t\t\t\t\t<a data-id=\"3244\" href=\"https:\/\/iptv-polskie.com\/en\/final-ligi-narodow\/\" class=\"tpg-post-link\" target=\"_self\">                        <img decoding=\"async\" src=\"https:\/\/iptv-polskie.com\/wp-content\/uploads\/2025\/06\/Cristiano-Ronaldo-Lamine-Yamal-768x458.jpg\"\n                             class=\"rt-img-responsive\"\n                             width=\"768\"\n                             height=\"458\"\n                             alt=\"Fina\u0142 Ligi Narod\u00f3w: Starcie Tytan\u00f3w \u2013 Wieczny Cristiano Ronaldo kontra Cudowny Lamine Yamal. Kto Zdob\u0119dzie Tron Europy?\">\n\t\t\t\t\t\t\n\t\t\t\t\t\t\t\n\t\t<\/a>\n\t\t        <div class=\"overlay grid-hover-content\"><\/div>\n\t\t                <\/div>\n\t\t\t\n\t\t\t<div class=\"entry-title-wrapper\"><h3 class=\"entry-title\"><a data-id=\"3244\" href=\"https:\/\/iptv-polskie.com\/en\/final-ligi-narodow\/\" class=\"tpg-post-link\" target=\"_self\">Fina\u0142 Ligi Narod\u00f3w: Starcie Tytan\u00f3w \u2013 Wieczny Cristiano Ronaldo kontra Cudowny Lamine Yamal. Kto Zdob\u0119dzie Tron Europy?<\/a><\/h3><\/div>\n\t\t\t                <div class=\"post-meta-tags rt-el-post-meta\">\n\t\t\t\t\t            <span class='date'>\n\t\t\t\t<i class='far fa-calendar-alt'><\/i>\t\t\t\t                    <a href=\"https:\/\/iptv-polskie.com\/en\/2025\/06\/07\/\">\n\t\t\t\t\tJune 7, 2025\t\t\t\t<\/a>\n\t\t\t\t\t\t\t<\/span>\n\t\t\t                <\/div>\n\t\t\t\n\n\t\t\t                <div class=\"tpg-excerpt tpg-el-excerpt\">\n\t\t\t\t\t                        <div class=\"tpg-excerpt-inner\">\n\t\t\t\t\t\t\tFina\u0142 Ligi Narod\u00f3w: Starcie Tytan\u00f3w \u2013 Wieczny Cristiano Ronaldo kontra Cudowny Lamine Yamal. Kto Zdob\u0119dzie Tron Europy? Monachium, 8 czerwca 2025 \u2013 Ca\u0142a pi\u0142karska Europa wstrzymuje oddech. W wielkim...                        <\/div>\n\t\t\t\t\t\t\t\t\t\t                <\/div>\n\t\t\t\n\t\t\t        <div class=\"post-footer\">\n            <div class=\"post-footer\">\n                <div class=\"read-more\">\n\t\t\t\t\t<a data-id=\"3244\" href=\"https:\/\/iptv-polskie.com\/en\/final-ligi-narodow\/\" class=\"tpg-post-link\" target=\"_self\">Przeczytaj wi\u0119cej<\/a>                <\/div>\n            <\/div>\n        <\/div>\n\t\t        <\/div>\n    <\/div>\n<\/div>\n<div class=\"rt-col-md-4 rt-col-sm-6 rt-col-xs-12 default rt-grid-item post-3090 post type-post status-publish format-standard has-post-thumbnail hentry category-news\"        data-id=\"3090\">\n    <div class=\"rt-holder tpg-post-holder\">\n        <div class=\"rt-detail rt-el-content-wrapper\">\n\t\t\t                <div class=\"rt-img-holder tpg-el-image-wrap has-thumbnail\">\n\t\t\t\t\t<a data-id=\"3090\" href=\"https:\/\/iptv-polskie.com\/en\/eurowizja-2025-wszystkie-oczy-na-bazylee-justyna-steczkowska-reprezentuje-polske\/\" class=\"tpg-post-link\" target=\"_self\">                        <img decoding=\"async\" src=\"https:\/\/iptv-polskie.com\/wp-content\/uploads\/2025\/05\/Eurowizja-2025-Szwajcaria-organizatorem-konkursu-768x432.webp\"\n                             class=\"rt-img-responsive\"\n                             width=\"768\"\n                             height=\"432\"\n                             alt=\"Eurowizja 2025: Wszystkie oczy na Bazyle\u0119 \u2013 Justyna Steczkowska reprezentuje Polsk\u0119\">\n\t\t\t\t\t\t\n\t\t\t\t\t\t\t\n\t\t<\/a>\n\t\t        <div class=\"overlay grid-hover-content\"><\/div>\n\t\t                <\/div>\n\t\t\t\n\t\t\t<div class=\"entry-title-wrapper\"><h3 class=\"entry-title\"><a data-id=\"3090\" href=\"https:\/\/iptv-polskie.com\/en\/eurowizja-2025-wszystkie-oczy-na-bazylee-justyna-steczkowska-reprezentuje-polske\/\" class=\"tpg-post-link\" target=\"_self\">Eurowizja 2025: Wszystkie oczy na Bazyle\u0119 \u2013 Justyna Steczkowska reprezentuje Polsk\u0119<\/a><\/h3><\/div>\n\t\t\t                <div class=\"post-meta-tags rt-el-post-meta\">\n\t\t\t\t\t            <span class='date'>\n\t\t\t\t<i class='far fa-calendar-alt'><\/i>\t\t\t\t                    <a href=\"https:\/\/iptv-polskie.com\/en\/2025\/05\/12\/\">\n\t\t\t\t\tMay 12, 2025\t\t\t\t<\/a>\n\t\t\t\t\t\t\t<\/span>\n\t\t\t                <\/div>\n\t\t\t\n\n\t\t\t                <div class=\"tpg-excerpt tpg-el-excerpt\">\n\t\t\t\t\t                        <div class=\"tpg-excerpt-inner\">\n\t\t\t\t\t\t\tEurowizja 2025: Wszystkie oczy na Bazyle\u0119 \u2013 Justyna Steczkowska reprezentuje Polsk\u0119 Najwi\u0119ksze na \u015bwiecie \u015bwi\u0119to muzyki, jedno\u015bci i r\u00f3\u017cnorodno\u015bci kulturowej powraca \u2013 Eurowizja 2025 rozgrywa si\u0119 w tym...                        <\/div>\n\t\t\t\t\t\t\t\t\t\t                <\/div>\n\t\t\t\n\t\t\t        <div class=\"post-footer\">\n            <div class=\"post-footer\">\n                <div class=\"read-more\">\n\t\t\t\t\t<a data-id=\"3090\" href=\"https:\/\/iptv-polskie.com\/en\/eurowizja-2025-wszystkie-oczy-na-bazylee-justyna-steczkowska-reprezentuje-polske\/\" class=\"tpg-post-link\" target=\"_self\">Przeczytaj wi\u0119cej<\/a>                <\/div>\n            <\/div>\n        <\/div>\n\t\t        <\/div>\n    <\/div>\n<\/div>\n<div class=\"rt-col-md-4 rt-col-sm-6 rt-col-xs-12 default rt-grid-item post-3040 post type-post status-publish format-standard has-post-thumbnail hentry category-iptv\"        data-id=\"3040\">\n    <div class=\"rt-holder tpg-post-holder\">\n        <div class=\"rt-detail rt-el-content-wrapper\">\n\t\t\t                <div class=\"rt-img-holder tpg-el-image-wrap has-thumbnail\">\n\t\t\t\t\t<a data-id=\"3040\" href=\"https:\/\/iptv-polskie.com\/en\/iptv-polska-darmowe-aplikacje-do-iptv\/\" class=\"tpg-post-link\" target=\"_self\">                        <img loading=\"lazy\" decoding=\"async\" src=\"https:\/\/iptv-polskie.com\/wp-content\/uploads\/2025\/05\/darmowe-aplikacje-do-IPTV-768x512.png\"\n                             class=\"rt-img-responsive\"\n                             width=\"768\"\n                             height=\"512\"\n                             alt=\"Jak mog\u0119 znale\u017a\u0107 darmow\u0105 aplikacj\u0119 do IPTV?\">\n\t\t\t\t\t\t\n\t\t\t\t\t\t\t\n\t\t<\/a>\n\t\t        <div class=\"overlay grid-hover-content\"><\/div>\n\t\t                <\/div>\n\t\t\t\n\t\t\t<div class=\"entry-title-wrapper\"><h3 class=\"entry-title\"><a data-id=\"3040\" href=\"https:\/\/iptv-polskie.com\/en\/iptv-polska-darmowe-aplikacje-do-iptv\/\" class=\"tpg-post-link\" target=\"_self\">Jak mog\u0119 znale\u017a\u0107 darmow\u0105 aplikacj\u0119 do IPTV?<\/a><\/h3><\/div>\n\t\t\t                <div class=\"post-meta-tags rt-el-post-meta\">\n\t\t\t\t\t            <span class='date'>\n\t\t\t\t<i class='far fa-calendar-alt'><\/i>\t\t\t\t                    <a href=\"https:\/\/iptv-polskie.com\/en\/2025\/05\/08\/\">\n\t\t\t\t\tMay 8, 2025\t\t\t\t<\/a>\n\t\t\t\t\t\t\t<\/span>\n\t\t\t                <\/div>\n\t\t\t\n\n\t\t\t                <div class=\"tpg-excerpt tpg-el-excerpt\">\n\t\t\t\t\t                        <div class=\"tpg-excerpt-inner\">\n\t\t\t\t\t\t\tPolska IPTV oferuje najlepsze darmowe aplikacje do IPTV, takie jak TiviMate, Smart IPTV i wiele innych aplikacji. Aby znale\u017a\u0107 darmow\u0105 aplikacj\u0119 do IPTV, mo\u017cesz post\u0119powa\u0107 wed\u0142ug tych krok\u00f3w: Pami\u0119taj...                        <\/div>\n\t\t\t\t\t\t\t\t\t\t                <\/div>\n\t\t\t\n\t\t\t        <div class=\"post-footer\">\n            <div class=\"post-footer\">\n                <div class=\"read-more\">\n\t\t\t\t\t<a data-id=\"3040\" href=\"https:\/\/iptv-polskie.com\/en\/iptv-polska-darmowe-aplikacje-do-iptv\/\" class=\"tpg-post-link\" target=\"_self\">Przeczytaj wi\u0119cej<\/a>                <\/div>\n            <\/div>\n        <\/div>\n\t\t        <\/div>\n    <\/div>\n<\/div>\n<div class=\"rt-col-md-4 rt-col-sm-6 rt-col-xs-12 default rt-grid-item post-2853 post type-post status-publish format-standard has-post-thumbnail hentry category-iptv tag-ibo-player tag-polska-iptv tag-smartone-iptv tag-tivimate\"        data-id=\"2853\">\n    <div class=\"rt-holder tpg-post-holder\">\n        <div class=\"rt-detail rt-el-content-wrapper\">\n\t\t\t                <div class=\"rt-img-holder tpg-el-image-wrap has-thumbnail\">\n\t\t\t\t\t<a data-id=\"2853\" href=\"https:\/\/iptv-polskie.com\/en\/tivimate-downloader\/\" class=\"tpg-post-link\" target=\"_self\">                        <img loading=\"lazy\" decoding=\"async\" src=\"https:\/\/iptv-polskie.com\/wp-content\/uploads\/2025\/04\/fkn27w7szt471-768x430.jpg\"\n                             class=\"rt-img-responsive\"\n                             width=\"768\"\n                             height=\"430\"\n                             alt=\"this image is about tivimate and ibo player and smartone iptv\">\n\t\t\t\t\t\t\n\t\t\t\t\t\t\t\n\t\t<\/a>\n\t\t        <div class=\"overlay grid-hover-content\"><\/div>\n\t\t                <\/div>\n\t\t\t\n\t\t\t<div class=\"entry-title-wrapper\"><h3 class=\"entry-title\"><a data-id=\"2853\" href=\"https:\/\/iptv-polskie.com\/en\/tivimate-downloader\/\" class=\"tpg-post-link\" target=\"_self\">Jak zainstalowa\u0107 aplikacje TIVIMATE, IBO Player i SmartOne IPTV<\/a><\/h3><\/div>\n\t\t\t                <div class=\"post-meta-tags rt-el-post-meta\">\n\t\t\t\t\t            <span class='date'>\n\t\t\t\t<i class='far fa-calendar-alt'><\/i>\t\t\t\t                    <a href=\"https:\/\/iptv-polskie.com\/en\/2025\/04\/18\/\">\n\t\t\t\t\tApril 18, 2025\t\t\t\t<\/a>\n\t\t\t\t\t\t\t<\/span>\n\t\t\t                <\/div>\n\t\t\t\n\n\t\t\t                <div class=\"tpg-excerpt tpg-el-excerpt\">\n\t\t\t\t\t                        <div class=\"tpg-excerpt-inner\">\n\t\t\t\t\t\t\tJak zainstalowa\u0107 aplikacje TIVIMATE, IBO Player i SmartOne IPTV Jak zainstalowa\u0107 aplikacje IPTV na Firestick i Android TV za pomoc\u0105 aplikacji Downloader: Pe\u0142ny przewodnik z kodami instalacyjnymi...                        <\/div>\n\t\t\t\t\t\t\t\t\t\t                <\/div>\n\t\t\t\n\t\t\t        <div class=\"post-footer\">\n            <div class=\"post-footer\">\n                <div class=\"read-more\">\n\t\t\t\t\t<a data-id=\"2853\" href=\"https:\/\/iptv-polskie.com\/en\/tivimate-downloader\/\" class=\"tpg-post-link\" target=\"_self\">Przeczytaj wi\u0119cej<\/a>                <\/div>\n            <\/div>\n        <\/div>\n\t\t        <\/div>\n    <\/div>\n<\/div>\n<div class=\"rt-col-md-4 rt-col-sm-6 rt-col-xs-12 default rt-grid-item post-2754 post type-post status-publish format-standard has-post-thumbnail hentry category-iptv\"        data-id=\"2754\">\n    <div class=\"rt-holder tpg-post-holder\">\n        <div class=\"rt-detail rt-el-content-wrapper\">\n\t\t\t                <div class=\"rt-img-holder tpg-el-image-wrap has-thumbnail\">\n\t\t\t\t\t<a data-id=\"2754\" href=\"https:\/\/iptv-polskie.com\/en\/m3u-w-iptv\/\" class=\"tpg-post-link\" target=\"_self\">                        <img loading=\"lazy\" decoding=\"async\" src=\"https:\/\/iptv-polskie.com\/wp-content\/uploads\/2024\/10\/canalplus-sky-news-1.png\"\n                             class=\"rt-img-responsive\"\n                             width=\"768\"\n                             height=\"443\"\n                             alt=\"polska iptv\">\n\t\t\t\t\t\t\n\t\t\t\t\t\t\t\n\t\t<\/a>\n\t\t        <div class=\"overlay grid-hover-content\"><\/div>\n\t\t                <\/div>\n\t\t\t\n\t\t\t<div class=\"entry-title-wrapper\"><h3 class=\"entry-title\"><a data-id=\"2754\" href=\"https:\/\/iptv-polskie.com\/en\/m3u-w-iptv\/\" class=\"tpg-post-link\" target=\"_self\">Jak u\u017cywa\u0107 linku M3U w IPTV: Kompletny przewodnik<\/a><\/h3><\/div>\n\t\t\t                <div class=\"post-meta-tags rt-el-post-meta\">\n\t\t\t\t\t            <span class='date'>\n\t\t\t\t<i class='far fa-calendar-alt'><\/i>\t\t\t\t                    <a href=\"https:\/\/iptv-polskie.com\/en\/2025\/02\/03\/\">\n\t\t\t\t\tFebruary 3, 2025\t\t\t\t<\/a>\n\t\t\t\t\t\t\t<\/span>\n\t\t\t                <\/div>\n\t\t\t\n\n\t\t\t                <div class=\"tpg-excerpt tpg-el-excerpt\">\n\t\t\t\t\t                        <div class=\"tpg-excerpt-inner\">\n\t\t\t\t\t\t\tJak u\u017cywa\u0107 linku M3U w IPTV: Kompletny przewodnik Wst\u0119p do IPTV i link\u00f3w M3U IPTV (Internet Protocol Television) zrewolucjonizowa\u0142o spos\u00f3b, w jaki konsumujemy tre\u015bci telewizyjne, oferuj\u0105c wygodny i...                        <\/div>\n\t\t\t\t\t\t\t\t\t\t                <\/div>\n\t\t\t\n\t\t\t        <div class=\"post-footer\">\n            <div class=\"post-footer\">\n                <div class=\"read-more\">\n\t\t\t\t\t<a data-id=\"2754\" href=\"https:\/\/iptv-polskie.com\/en\/m3u-w-iptv\/\" class=\"tpg-post-link\" target=\"_self\">Przeczytaj wi\u0119cej<\/a>                <\/div>\n            <\/div>\n        <\/div>\n\t\t        <\/div>\n    <\/div>\n<\/div>\n\t\t\t<\/div>\n\t\t\t\n\t\t<\/div>\n\t\t\t\t\t\t<\/div>\n\t\t\t\t<\/div>\n\t\t\t\t\t<\/div>\n\t\t<\/div>\n\t\t\t\t\t<\/div>\n\t\t<\/section>\n\t\t\t\t<\/div>","protected":false},"excerpt":{"rendered":"<p>BLOG Blog Fina\u0142 Ligi Narod\u00f3w: Starcie Tytan\u00f3w \u2013 Wieczny Cristiano Ronaldo kontra Cudowny Lamine Yamal. Kto Zdob\u0119dzie Tron Europy? June 7, 2025 Fina\u0142 Ligi Narod\u00f3w: Starcie Tytan\u00f3w \u2013 Wieczny Cristiano Ronaldo kontra Cudowny Lamine Yamal. Kto Zdob\u0119dzie Tron Europy? Monachium, 8 czerwca 2025 \u2013 Ca\u0142a pi\u0142karska Europa wstrzymuje oddech. W wielkim&#8230; Przeczytaj wi\u0119cej Eurowizja 2025: [&hellip;]<\/p>\n","protected":false},"author":13,"featured_media":0,"parent":0,"menu_order":0,"comment_status":"closed","ping_status":"closed","template":"","meta":{"_themeisle_gutenberg_block_has_review":false,"footnotes":""},"class_list":["post-2121","page","type-page","status-publish","hentry"],"rttpg_featured_image_url":null,"rttpg_author":{"display_name":"admin","author_link":"https:\/\/iptv-polskie.com\/en\/author\/admin\/"},"rttpg_comment":0,"rttpg_category":"","rttpg_excerpt":"BLOG Blog Fina\u0142 Ligi Narod\u00f3w: Starcie Tytan\u00f3w \u2013 Wieczny Cristiano Ronaldo kontra Cudowny Lamine Yamal. Kto Zdob\u0119dzie Tron Europy? June 7, 2025 Fina\u0142 Ligi Narod\u00f3w: Starcie Tytan\u00f3w \u2013 Wieczny Cristiano Ronaldo kontra Cudowny Lamine Yamal. Kto Zdob\u0119dzie Tron Europy? Monachium, 8 czerwca 2025 \u2013 Ca\u0142a pi\u0142karska Europa wstrzymuje oddech. W wielkim&#8230; Przeczytaj wi\u0119cej Eurowizja 2025:&hellip;","_links":{"self":[{"href":"https:\/\/iptv-polskie.com\/en\/wp-json\/wp\/v2\/pages\/2121","targetHints":{"allow":["GET"]}}],"collection":[{"href":"https:\/\/iptv-polskie.com\/en\/wp-json\/wp\/v2\/pages"}],"about":[{"href":"https:\/\/iptv-polskie.com\/en\/wp-json\/wp\/v2\/types\/page"}],"author":[{"embeddable":true,"href":"https:\/\/iptv-polskie.com\/en\/wp-json\/wp\/v2\/users\/13"}],"replies":[{"embeddable":true,"href":"https:\/\/iptv-polskie.com\/en\/wp-json\/wp\/v2\/comments?post=2121"}],"version-history":[{"count":0,"href":"https:\/\/iptv-polskie.com\/en\/wp-json\/wp\/v2\/pages\/2121\/revisions"}],"wp:attachment":[{"href":"https:\/\/iptv-polskie.com\/en\/wp-json\/wp\/v2\/media?parent=2121"}],"curies":[{"name":"wp","href":"https:\/\/api.w.org\/{rel}","templated":true}]}}