{"id":1014,"date":"2023-06-06T09:21:52","date_gmt":"2023-06-06T09:21:52","guid":{"rendered":"https:\/\/iptv-polskie.com\/?page_id=1014"},"modified":"2025-07-26T10:25:30","modified_gmt":"2025-07-26T10:25:30","slug":"refund-policy","status":"publish","type":"page","link":"https:\/\/iptv-polskie.com\/en\/refund-policy\/","title":{"rendered":"Refund Policy"},"content":{"rendered":"<div data-elementor-type=\"wp-page\" data-elementor-id=\"1014\" class=\"elementor elementor-1014\" data-elementor-post-type=\"page\">\n\t\t\t\t\t\t<section class=\"elementor-section elementor-top-section elementor-element elementor-element-29c895ac elementor-section-boxed elementor-section-height-default elementor-section-height-default\" data-id=\"29c895ac\" data-element_type=\"section\" data-e-type=\"section\" data-settings=\"{&quot;background_background&quot;:&quot;classic&quot;}\">\n\t\t\t\t\t\t<div class=\"elementor-container elementor-column-gap-default\">\n\t\t\t\t\t<div class=\"elementor-column elementor-col-100 elementor-top-column elementor-element elementor-element-6c57b560\" data-id=\"6c57b560\" data-element_type=\"column\" data-e-type=\"column\">\n\t\t\t<div class=\"elementor-widget-wrap elementor-element-populated\">\n\t\t\t\t\t\t<section class=\"elementor-section elementor-inner-section elementor-element elementor-element-1c8e5223 elementor-section-boxed elementor-section-height-default elementor-section-height-default\" data-id=\"1c8e5223\" data-element_type=\"section\" data-e-type=\"section\" data-settings=\"{&quot;background_background&quot;:&quot;gradient&quot;}\">\n\t\t\t\t\t\t\t<div class=\"elementor-background-overlay\"><\/div>\n\t\t\t\t\t\t\t<div class=\"elementor-container elementor-column-gap-default\">\n\t\t\t\t\t<div class=\"elementor-column elementor-col-100 elementor-inner-column elementor-element elementor-element-3e41451b\" data-id=\"3e41451b\" data-element_type=\"column\" data-e-type=\"column\">\n\t\t\t<div class=\"elementor-widget-wrap elementor-element-populated\">\n\t\t\t\t\t\t<div class=\"elementor-element elementor-element-4cddf73d elementor-invisible elementor-widget elementor-widget-heading\" data-id=\"4cddf73d\" data-element_type=\"widget\" data-e-type=\"widget\" data-settings=\"{&quot;_animation&quot;:&quot;bounceIn&quot;}\" data-widget_type=\"heading.default\">\n\t\t\t\t<div class=\"elementor-widget-container\">\n\t\t\t\t\t<h1 class=\"elementor-heading-title elementor-size-default\">Refund Policy<\/h1>\t\t\t\t<\/div>\n\t\t\t\t<\/div>\n\t\t\t\t\t<\/div>\n\t\t<\/div>\n\t\t\t\t\t<\/div>\n\t\t<\/section>\n\t\t\t\t\t<\/div>\n\t\t<\/div>\n\t\t\t\t\t<\/div>\n\t\t<\/section>\n\t\t\t\t<section class=\"elementor-section elementor-top-section elementor-element elementor-element-80d2e9c elementor-section-boxed elementor-section-height-default elementor-section-height-default\" data-id=\"80d2e9c\" data-element_type=\"section\" data-e-type=\"section\" data-settings=\"{&quot;background_background&quot;:&quot;classic&quot;}\">\n\t\t\t\t\t\t<div class=\"elementor-container elementor-column-gap-default\">\n\t\t\t\t\t<div class=\"elementor-column elementor-col-100 elementor-top-column elementor-element elementor-element-32fd5e6\" data-id=\"32fd5e6\" data-element_type=\"column\" data-e-type=\"column\">\n\t\t\t<div class=\"elementor-widget-wrap elementor-element-populated\">\n\t\t\t\t\t\t<div class=\"elementor-element elementor-element-5b57082 elementor-widget elementor-widget-text-editor\" data-id=\"5b57082\" data-element_type=\"widget\" data-e-type=\"widget\" data-widget_type=\"text-editor.default\">\n\t\t\t\t<div class=\"elementor-widget-container\">\n\t\t\t\t\t\t\t\t\t<h3>\u2705 <strong>Prawo UE dotycz\u0105ce produkt\u00f3w cyfrowych i zwrot\u00f3w<\/strong><\/h3><p>Zgodnie z <strong>Dyrektyw\u0105 UE o prawach konsumenta (2011\/83\/UE)<\/strong>, tre\u015bci cyfrowe (takie jak oprogramowanie, muzyka, wideo, gry itp.) s\u0105 traktowane inaczej ni\u017c towary fizyczne.<\/p><p>\ud83d\udccc <strong>Kluczowa zasada:<\/strong><\/p><p>Gdy konsument <strong>pobierze lub zacznie odtwarza\u0107 tre\u015bci cyfrowe<\/strong>, <strong>traci prawo do odst\u0105pienia od umowy<\/strong> (czyli rezygnacji i otrzymania zwrotu), <strong>je\u015bli:<\/strong><\/p><ul><li><p>Rozpocz\u0119to \u015bwiadczenie us\u0142ugi (czyli pobieranie\/odtwarzanie), oraz<\/p><\/li><li><p>Konsument zosta\u0142 <strong>poinformowany<\/strong>, \u017ce straci prawo do odst\u0105pienia od umowy w momencie rozpocz\u0119cia \u015bwiadczenia, i <strong>wyrazi\u0142 na to wyra\u017an\u0105 zgod\u0119<\/strong>.<\/p><\/li><\/ul><p>Oznacza to:<\/p><p>\u274c <strong>Zwrot nie przys\u0142uguje<\/strong>, je\u015bli konsument zacz\u0105\u0142 korzysta\u0107 z tre\u015bci cyfrowej i zosta\u0142 jasno poinformowany, \u017ce straci prawo do rezygnacji.<\/p><p>\u00a0<\/p><h3 data-start=\"513\" data-end=\"562\"><strong data-start=\"517\" data-end=\"562\">Polityka zwrot\u00f3w \u2013 Subskrypcja miesi\u0119czna<\/strong><\/h3><p>Nie oferujemy zwrot\u00f3w za miesi\u0119czne subskrypcje po ich aktywacji lub rozpocz\u0119ciu korzystania z us\u0142ugi. Je\u015bli uwa\u017casz, \u017ce op\u0142ata zosta\u0142a naliczona b\u0142\u0119dnie lub wyst\u0105pi\u0142 problem techniczny, skontaktuj si\u0119 z naszym zespo\u0142em wsparcia pod adresem\u00a0 Whatsapp lub Email<\/p><h3 data-start=\"948\" data-end=\"1002\"><strong data-start=\"952\" data-end=\"1002\">Polityka zwrot\u00f3w \u2013 Subskrypcje wielomiesi\u0119czne<\/strong><\/h3><p data-start=\"1004\" data-end=\"1336\">W przypadku zakupu subskrypcji na okres d\u0142u\u017cszy ni\u017c jeden miesi\u0105c (np. 3-miesi\u0119cznej, 6-miesi\u0119cznej lub rocznej), mo\u017cesz ubiega\u0107 si\u0119 o zwrot w ci\u0105gu 14 dni od daty zakupu \u2014 pod warunkiem, \u017ce us\u0142uga nie zosta\u0142a w du\u017cym stopniu wykorzystana. W przypadku zatwierdzenia zwrotu, od kwoty zwrotu zostanie odj\u0119ta op\u0142ata za bie\u017c\u0105cy miesi\u0105c.<\/p><p data-start=\"1338\" data-end=\"1567\">Uwaga: po dokonaniu zwrotu Twoja subskrypcja zostanie ca\u0142kowicie dezaktywowana \u2013 w tym r\u00f3wnie\u017c bie\u017c\u0105cy miesi\u0105c oraz dost\u0119p do wsparcia. Dost\u0119p do us\u0142ugi i pomocy technicznej zostanie natychmiast wy\u0142\u0105czony po przetworzeniu zwrotu.<\/p><p data-start=\"1569\" data-end=\"1718\">Aby ubiega\u0107 si\u0119 o zwrot, skontaktuj si\u0119 z nami przez <strong data-start=\"1622\" data-end=\"1634\">WhatsApp<\/strong> lub <strong data-start=\"1639\" data-end=\"1649\">e-mail<\/strong>\u00a0 adresem w ci\u0105gu 14 dni od zakupu.<\/p><h2>Potrzebujesz pomocy?<\/h2><p>Skontaktuj si\u0119 z nami pod adresem <span \n                data-original-string='+KVcT8r4pAQHW4Nk++qqIQ==063GXj8KF536vf6FTaMeaJ4LaFpapWqPWnEdsOwEQufNFs='\n                class='apbct-email-encoder'\n                title='This contact has been encoded by Anti-Spam by CleanTalk. Click to decode. To finish the decoding make sure that JavaScript is enabled in your browser.'>co<span class=\"apbct-blur\">*****<\/span>@<span class=\"apbct-blur\">**********<\/span>ie.com<\/span> w przypadku pyta\u0144 dotycz\u0105cych zwrot\u00f3w i wymiany.<\/p>\t\t\t\t\t\t\t\t<\/div>\n\t\t\t\t<\/div>\n\t\t\t\t\t<\/div>\n\t\t<\/div>\n\t\t\t\t\t<\/div>\n\t\t<\/section>\n\t\t\t\t<\/div>","protected":false},"excerpt":{"rendered":"<p>Polityka Zwrot\u00f3w \u2705 Prawo UE dotycz\u0105ce produkt\u00f3w cyfrowych i zwrot\u00f3w Zgodnie z Dyrektyw\u0105 UE o prawach konsumenta (2011\/83\/UE), tre\u015bci cyfrowe (takie jak oprogramowanie, muzyka, wideo, gry itp.) s\u0105 traktowane inaczej ni\u017c towary fizyczne. \ud83d\udccc Kluczowa zasada: Gdy konsument pobierze lub zacznie odtwarza\u0107 tre\u015bci cyfrowe, traci prawo do odst\u0105pienia od umowy (czyli rezygnacji i otrzymania zwrotu), [&hellip;]<\/p>\n","protected":false},"author":4,"featured_media":0,"parent":0,"menu_order":0,"comment_status":"closed","ping_status":"closed","template":"elementor_header_footer","meta":{"_themeisle_gutenberg_block_has_review":false,"footnotes":""},"class_list":["post-1014","page","type-page","status-publish","hentry"],"rttpg_featured_image_url":null,"rttpg_author":{"display_name":"","author_link":"https:\/\/iptv-polskie.com\/en\/author\/"},"rttpg_comment":0,"rttpg_category":null,"rttpg_excerpt":"Polityka Zwrot\u00f3w \u2705 Prawo UE dotycz\u0105ce produkt\u00f3w cyfrowych i zwrot\u00f3w Zgodnie z Dyrektyw\u0105 UE o prawach konsumenta (2011\/83\/UE), tre\u015bci cyfrowe (takie jak oprogramowanie, muzyka, wideo, gry itp.) s\u0105 traktowane inaczej ni\u017c towary fizyczne. \ud83d\udccc Kluczowa zasada: Gdy konsument pobierze lub zacznie odtwarza\u0107 tre\u015bci cyfrowe, traci prawo do odst\u0105pienia od umowy (czyli rezygnacji i otrzymania zwrotu),&hellip;","_links":{"self":[{"href":"https:\/\/iptv-polskie.com\/en\/wp-json\/wp\/v2\/pages\/1014","targetHints":{"allow":["GET"]}}],"collection":[{"href":"https:\/\/iptv-polskie.com\/en\/wp-json\/wp\/v2\/pages"}],"about":[{"href":"https:\/\/iptv-polskie.com\/en\/wp-json\/wp\/v2\/types\/page"}],"author":[{"embeddable":true,"href":"https:\/\/iptv-polskie.com\/en\/wp-json\/wp\/v2\/users\/4"}],"replies":[{"embeddable":true,"href":"https:\/\/iptv-polskie.com\/en\/wp-json\/wp\/v2\/comments?post=1014"}],"version-history":[{"count":6,"href":"https:\/\/iptv-polskie.com\/en\/wp-json\/wp\/v2\/pages\/1014\/revisions"}],"predecessor-version":[{"id":3610,"href":"https:\/\/iptv-polskie.com\/en\/wp-json\/wp\/v2\/pages\/1014\/revisions\/3610"}],"wp:attachment":[{"href":"https:\/\/iptv-polskie.com\/en\/wp-json\/wp\/v2\/media?parent=1014"}],"curies":[{"name":"wp","href":"https:\/\/api.w.org\/{rel}","templated":true}]}}