{"id":1003,"date":"2023-06-06T09:18:11","date_gmt":"2023-06-06T09:18:11","guid":{"rendered":"https:\/\/iptv-polskie.com\/?page_id=1003"},"modified":"2024-10-30T14:33:43","modified_gmt":"2024-10-30T14:33:43","slug":"terms-and-conditions","status":"publish","type":"page","link":"https:\/\/iptv-polskie.com\/en\/terms-and-conditions\/","title":{"rendered":"Terms And Conditions"},"content":{"rendered":"<div data-elementor-type=\"wp-page\" data-elementor-id=\"1003\" class=\"elementor elementor-1003\" data-elementor-post-type=\"page\">\n\t\t\t\t\t\t<section class=\"elementor-section elementor-top-section elementor-element elementor-element-1092766e elementor-section-boxed elementor-section-height-default elementor-section-height-default\" data-id=\"1092766e\" data-element_type=\"section\" data-e-type=\"section\" data-settings=\"{&quot;background_background&quot;:&quot;classic&quot;}\">\n\t\t\t\t\t\t<div class=\"elementor-container elementor-column-gap-default\">\n\t\t\t\t\t<div class=\"elementor-column elementor-col-100 elementor-top-column elementor-element elementor-element-6da1bb76\" data-id=\"6da1bb76\" data-element_type=\"column\" data-e-type=\"column\">\n\t\t\t<div class=\"elementor-widget-wrap elementor-element-populated\">\n\t\t\t\t\t\t<section class=\"elementor-section elementor-inner-section elementor-element elementor-element-ef70dee elementor-section-boxed elementor-section-height-default elementor-section-height-default\" data-id=\"ef70dee\" data-element_type=\"section\" data-e-type=\"section\" data-settings=\"{&quot;background_background&quot;:&quot;gradient&quot;}\">\n\t\t\t\t\t\t\t<div class=\"elementor-background-overlay\"><\/div>\n\t\t\t\t\t\t\t<div class=\"elementor-container elementor-column-gap-default\">\n\t\t\t\t\t<div class=\"elementor-column elementor-col-100 elementor-inner-column elementor-element elementor-element-5400c4dd\" data-id=\"5400c4dd\" data-element_type=\"column\" data-e-type=\"column\">\n\t\t\t<div class=\"elementor-widget-wrap elementor-element-populated\">\n\t\t\t\t\t\t<div class=\"elementor-element elementor-element-6e627ca elementor-invisible elementor-widget elementor-widget-heading\" data-id=\"6e627ca\" data-element_type=\"widget\" data-e-type=\"widget\" data-settings=\"{&quot;_animation&quot;:&quot;bounceIn&quot;}\" data-widget_type=\"heading.default\">\n\t\t\t\t<div class=\"elementor-widget-container\">\n\t\t\t\t\t<h1 class=\"elementor-heading-title elementor-size-default\">Terms and Conditions<\/h1>\t\t\t\t<\/div>\n\t\t\t\t<\/div>\n\t\t\t\t\t<\/div>\n\t\t<\/div>\n\t\t\t\t\t<\/div>\n\t\t<\/section>\n\t\t\t\t\t<\/div>\n\t\t<\/div>\n\t\t\t\t\t<\/div>\n\t\t<\/section>\n\t\t\t\t<section class=\"elementor-section elementor-top-section elementor-element elementor-element-92329f0 elementor-section-boxed elementor-section-height-default elementor-section-height-default\" data-id=\"92329f0\" data-element_type=\"section\" data-e-type=\"section\" data-settings=\"{&quot;background_background&quot;:&quot;classic&quot;}\">\n\t\t\t\t\t\t<div class=\"elementor-container elementor-column-gap-default\">\n\t\t\t\t\t<div class=\"elementor-column elementor-col-100 elementor-top-column elementor-element elementor-element-b9ee70e\" data-id=\"b9ee70e\" data-element_type=\"column\" data-e-type=\"column\">\n\t\t\t<div class=\"elementor-widget-wrap elementor-element-populated\">\n\t\t\t\t\t\t<div class=\"elementor-element elementor-element-40b87b1 elementor-widget elementor-widget-text-editor\" data-id=\"40b87b1\" data-element_type=\"widget\" data-e-type=\"widget\" data-widget_type=\"text-editor.default\">\n\t\t\t\t<div class=\"elementor-widget-container\">\n\t\t\t\t\t\t\t\t\tHere\u2019s the translation of your text into Polish with HTML formatting:\n\n&#8222;`html\nProsz\u0119 dok\u0142adnie przeczyta\u0107 te warunki i zasady przed skorzystaniem z naszej us\u0142ugi.\n<h3>Interpretacja i definicje<\/h3>\n<h3>Interpretacja<\/h3>\nS\u0142owa, kt\u00f3rych pocz\u0105tkowa litera jest wielka, maj\u0105 znaczenia okre\u015blone w nast\u0119puj\u0105cych warunkach. Poni\u017csze definicje b\u0119d\u0105 mia\u0142y to samo znaczenie, niezale\u017cnie od tego, czy pojawiaj\u0105 si\u0119 w liczbie pojedynczej, czy mnogiej.\n<h3>Definicje<\/h3>\nNa potrzeby tych warunk\u00f3w i zasad:\n<ul>\n    <li><strong>Partner<\/strong> oznacza podmiot, kt\u00f3ry kontroluje, jest kontrolowany przez lub jest pod wsp\u00f3ln\u0105 kontrol\u0105 z stron\u0105, gdzie \u201ekontrola\u201d oznacza posiadanie 50% lub wi\u0119cej akcji, udzia\u0142\u00f3w lub innych papier\u00f3w warto\u015bciowych uprawniaj\u0105cych do g\u0142osowania na wyb\u00f3r dyrektor\u00f3w lub innej w\u0142adzy zarz\u0105dzaj\u0105cej.<\/li>\n    <li><strong>Kraj<\/strong> odnosi si\u0119 do: Kalifornia, Stany Zjednoczone<\/li>\n    <li><strong>Firma<\/strong> (nazywana \u201efirm\u0105\u201d, \u201emy\u201d, \u201enas\u201d lub \u201enaszym\u201d w tej umowie) odnosi si\u0119 do demo2.<\/li>\n    <li><strong>Urz\u0105dzenie<\/strong> oznacza ka\u017cde urz\u0105dzenie, kt\u00f3re mo\u017ce uzyska\u0107 dost\u0119p do Us\u0142ugi, takie jak komputer, telefon kom\u00f3rkowy lub tablet cyfrowy.<\/li>\n    <li><strong>Us\u0142uga<\/strong> odnosi si\u0119 do Witryny.<\/li>\n    <li><strong>Warunki i zasady<\/strong> (nazywane r\u00f3wnie\u017c \u201eWarunkami\u201d) oznaczaj\u0105 te Warunki i zasady, kt\u00f3re tworz\u0105 ca\u0142o\u015b\u0107 umowy mi\u0119dzy Tob\u0105 a Firm\u0105 dotycz\u0105cej korzystania z Us\u0142ugi. Ta umowa Warunki i zasady zosta\u0142a stworzona przy pomocy <a href=\"https:\/\/www.termsfeed.com\/terms-conditions-generator\/\" target=\"_blank\" rel=\"noopener\">Generatora Warunk\u00f3w i Zasad TermsFeed<\/a>.<\/li>\n    <li><strong>Us\u0142uga medi\u00f3w spo\u0142eczno\u015bciowych stron trzecich<\/strong> oznacza jakiekolwiek us\u0142ugi lub tre\u015bci (w tym dane, informacje, produkty lub us\u0142ugi) dostarczane przez stron\u0119 trzeci\u0105, kt\u00f3re mog\u0105 by\u0107 wy\u015bwietlane, w\u0142\u0105czane lub udost\u0119pniane przez Us\u0142ug\u0119.<\/li>\n    <li><strong>Witryna<\/strong> odnosi si\u0119 do demo2, dost\u0119pnej z demo2. <strong>Ty<\/strong> oznaczasz osob\u0119 uzyskuj\u0105c\u0105 dost\u0119p do lub korzystaj\u0105c\u0105 z Us\u0142ugi, lub firm\u0119 lub inn\u0105 osob\u0119 prawn\u0105, w imieniu kt\u00f3rej taka osoba uzyskuje dost\u0119p do lub korzysta z Us\u0142ugi, w zale\u017cno\u015bci od sytuacji.<\/li>\n<\/ul>\n<h3>Potwierdzenie<\/h3>\nTo s\u0105 Warunki i zasady reguluj\u0105ce korzystanie z tej Us\u0142ugi oraz umowa, kt\u00f3ra obowi\u0105zuje mi\u0119dzy Tob\u0105 a Firm\u0105. Te Warunki i zasady okre\u015blaj\u0105 prawa i obowi\u0105zki wszystkich u\u017cytkownik\u00f3w dotycz\u0105ce korzystania z Us\u0142ugi.\n\nTw\u00f3j dost\u0119p do i korzystanie z Us\u0142ugi jest uzale\u017cnione od Twojej akceptacji i przestrzegania tych Warunk\u00f3w i zasad. Te Warunki i zasady maj\u0105 zastosowanie do wszystkich odwiedzaj\u0105cych, u\u017cytkownik\u00f3w i innych, kt\u00f3rzy uzyskuj\u0105 dost\u0119p lub korzystaj\u0105 z Us\u0142ugi.\n\nUzyskuj\u0105c dost\u0119p lub korzystaj\u0105c z Us\u0142ugi, zgadzasz si\u0119 na przestrzeganie tych Warunk\u00f3w i zasad. Je\u015bli nie zgadzasz si\u0119 z jak\u0105kolwiek cz\u0119\u015bci\u0105 tych Warunk\u00f3w i zasad, nie mo\u017cesz uzyska\u0107 dost\u0119pu do Us\u0142ugi.\n\nO\u015bwiadczasz, \u017ce masz ponad 18 lat. Firma nie zezwala osobom poni\u017cej 18 roku \u017cycia na korzystanie z Us\u0142ugi.\n\nTw\u00f3j dost\u0119p do i korzystanie z Us\u0142ugi s\u0105 r\u00f3wnie\u017c uzale\u017cnione od Twojej akceptacji i przestrzegania Polityki prywatno\u015bci Firmy. Nasza Polityka prywatno\u015bci opisuje nasze polityki i procedury dotycz\u0105ce zbierania, u\u017cywania i ujawniania Twoich danych osobowych podczas korzystania z Aplikacji lub Witryny oraz informuje o Twoich prawach dotycz\u0105cych prywatno\u015bci i o tym, jak prawo Ci\u0119 chroni. Prosz\u0119 dok\u0142adnie przeczyta\u0107 nasz\u0105 Polityk\u0119 prywatno\u015bci przed skorzystaniem z naszej Us\u0142ugi.\n<h3>Linki do innych witryn<\/h3>\nNasza Us\u0142uga mo\u017ce zawiera\u0107 linki do stron internetowych lub us\u0142ug stron trzecich, kt\u00f3re nie s\u0105 w\u0142asno\u015bci\u0105 ani kontrolowane przez Firm\u0119.\n\nFirma nie ma kontroli nad, i nie ponosi odpowiedzialno\u015bci za, tre\u015b\u0107, polityki prywatno\u015bci ani praktyki jakichkolwiek stron internetowych lub us\u0142ug stron trzecich. Dodatkowo przyjmujesz do wiadomo\u015bci i zgadzasz si\u0119, \u017ce Firma nie ponosi odpowiedzialno\u015bci ani nie jest zobowi\u0105zana, bezpo\u015brednio ani po\u015brednio, za jakiekolwiek szkody lub straty spowodowane lub rzekomo spowodowane przez lub w zwi\u0105zku z korzystaniem lub poleganiem na jakiejkolwiek tre\u015bci, towarach lub us\u0142ugach dost\u0119pnych na lub przez jakiekolwiek takie strony internetowe lub us\u0142ugi.\n\nZalecamy Ci dok\u0142adne zapoznanie si\u0119 z warunkami i zasadami oraz politykami prywatno\u015bci jakichkolwiek stron internetowych lub us\u0142ug stron trzecich, kt\u00f3re odwiedzasz.\n<h3>Rozwi\u0105zanie umowy<\/h3>\nMo\u017cemy natychmiast zako\u0144czy\u0107 lub zawiesi\u0107 Tw\u00f3j dost\u0119p bez uprzedniego powiadomienia lub odpowiedzialno\u015bci, z jakiejkolwiek przyczyny, w tym, bez ogranicze\u0144, je\u015bli naruszysz te Warunki i zasady.\n\nPo rozwi\u0105zaniu umowy Twoje prawo do korzystania z Us\u0142ugi wygasa natychmiast.\n<h3>Ograniczenie odpowiedzialno\u015bci<\/h3>\nNiezale\u017cnie od wszelkich szk\u00f3d, kt\u00f3re mo\u017cesz ponie\u015b\u0107, ca\u0142kowita odpowiedzialno\u015b\u0107 Firmy i jej dostawc\u00f3w na mocy jakiegokolwiek postanowienia tych Warunk\u00f3w oraz Twoje wy\u0142\u0105czne zado\u015b\u0107uczynienie za wszystkie powy\u017csze b\u0119dzie ograniczona do kwoty faktycznie zap\u0142aconej przez Ciebie za po\u015brednictwem Us\u0142ugi lub 100 USD, je\u015bli nic nie kupi\u0142e\u015b za po\u015brednictwem Us\u0142ugi.\n\nW maksymalnym zakresie dozwolonym przez obowi\u0105zuj\u0105ce prawo, w \u017cadnym przypadku Firma ani jej dostawcy nie b\u0119d\u0105 odpowiedzialni za jakiekolwiek szczeg\u00f3lne, przypadkowe, po\u015brednie lub wynikowe szkody jakiegokolwiek rodzaju (w tym, ale nie ograniczaj\u0105c si\u0119 do, szk\u00f3d z tytu\u0142u utraty zysk\u00f3w, utraty danych lub innych informacji, z tytu\u0142u przerwy w dzia\u0142alno\u015bci, obra\u017ce\u0144 cia\u0142a, utraty prywatno\u015bci wynikaj\u0105cych z lub w jakikolwiek spos\u00f3b zwi\u0105zanych z korzystaniem lub niemo\u017cno\u015bci\u0105 korzystania z Us\u0142ugi, oprogramowania stron trzecich i\/lub sprz\u0119tu stron trzecich u\u017cywanego z Us\u0142ug\u0105, lub w inny spos\u00f3b w zwi\u0105zku z jakimkolwiek postanowieniem tych Warunk\u00f3w), nawet je\u015bli Firma lub jakikolwiek dostawca zosta\u0142 poinformowany o mo\u017cliwo\u015bci takich szk\u00f3d, a nawet je\u015bli \u015brodek zaradczy zawodzi w swoim zasadniczym celu.\n\nNiekt\u00f3re stany nie zezwalaj\u0105 na wy\u0142\u0105czenie domniemanych gwarancji lub ograniczenie odpowiedzialno\u015bci za szkody przypadkowe lub wynikowe, co oznacza, \u017ce niekt\u00f3re z powy\u017cszych ogranicze\u0144 mog\u0105 nie mie\u0107 zastosowania. W tych stanach odpowiedzialno\u015b\u0107 ka\u017cdej ze stron b\u0119dzie ograniczona do najwi\u0119kszego zakresu dozwolonego przez prawo.\n<h3>\u201eTAK JAK JEST\u201d i \u201eW MIAR\u0118 DOST\u0118PNO\u015aCI\u201d Zrzeczenie si\u0119 odpowiedzialno\u015bci<\/h3>\nUs\u0142uga jest udost\u0119pniana Tobie \u201eTAK JAK JEST\u201d i \u201eW MIAR\u0118 DOST\u0118PNO\u015aCI\u201d oraz ze wszystkimi wadami i defektami bez jakiejkolwiek gwarancji. W maksymalnym zakresie dozwolonym przez obowi\u0105zuj\u0105ce prawo, Firma, w swoim imieniu oraz w imieniu swoich Partner\u00f3w i ich odpowiednich licencjodawc\u00f3w i dostawc\u00f3w us\u0142ug, wyra\u017anie zrzeka si\u0119 wszelkich gwarancji, czy to wyra\u017anych, dorozumianych, ustawowych, czy innych, w odniesieniu do Us\u0142ugi, w tym wszelkich dorozumianych gwarancji handlowych, przydatno\u015bci do okre\u015blonego celu, tytu\u0142u i braku naruszenia, oraz gwarancji, kt\u00f3re mog\u0105 wynika\u0107 z toku handlu, toku wykonywania, u\u017cytkowania lub praktyki handlowej. Bez ogranicze\u0144 do powy\u017cszego, Firma nie udziela \u017cadnej gwarancji ani zobowi\u0105zania, i nie sk\u0142ada \u017cadnych o\u015bwiadcze\u0144 tego rodzaju, \u017ce Us\t\t\t\t\t\t\t\t<\/div>\n\t\t\t\t<\/div>\n\t\t\t\t\t<\/div>\n\t\t<\/div>\n\t\t\t\t\t<\/div>\n\t\t<\/section>\n\t\t\t\t<\/div>","protected":false},"excerpt":{"rendered":"<p>Regulamin Here\u2019s the translation of your text into Polish with HTML formatting: &#8222;`html Prosz\u0119 dok\u0142adnie przeczyta\u0107 te warunki i zasady przed skorzystaniem z naszej us\u0142ugi. Interpretacja i definicje Interpretacja S\u0142owa, kt\u00f3rych pocz\u0105tkowa litera jest wielka, maj\u0105 znaczenia okre\u015blone w nast\u0119puj\u0105cych warunkach. Poni\u017csze definicje b\u0119d\u0105 mia\u0142y to samo znaczenie, niezale\u017cnie od tego, czy pojawiaj\u0105 si\u0119 w [&hellip;]<\/p>\n","protected":false},"author":4,"featured_media":0,"parent":0,"menu_order":0,"comment_status":"closed","ping_status":"closed","template":"elementor_header_footer","meta":{"_themeisle_gutenberg_block_has_review":false,"footnotes":""},"class_list":["post-1003","page","type-page","status-publish","hentry"],"rttpg_featured_image_url":null,"rttpg_author":{"display_name":"","author_link":"https:\/\/iptv-polskie.com\/en\/author\/"},"rttpg_comment":0,"rttpg_category":null,"rttpg_excerpt":"Regulamin Here\u2019s the translation of your text into Polish with HTML formatting: &#8222;`html Prosz\u0119 dok\u0142adnie przeczyta\u0107 te warunki i zasady przed skorzystaniem z naszej us\u0142ugi. Interpretacja i definicje Interpretacja S\u0142owa, kt\u00f3rych pocz\u0105tkowa litera jest wielka, maj\u0105 znaczenia okre\u015blone w nast\u0119puj\u0105cych warunkach. Poni\u017csze definicje b\u0119d\u0105 mia\u0142y to samo znaczenie, niezale\u017cnie od tego, czy pojawiaj\u0105 si\u0119 w&hellip;","_links":{"self":[{"href":"https:\/\/iptv-polskie.com\/en\/wp-json\/wp\/v2\/pages\/1003","targetHints":{"allow":["GET"]}}],"collection":[{"href":"https:\/\/iptv-polskie.com\/en\/wp-json\/wp\/v2\/pages"}],"about":[{"href":"https:\/\/iptv-polskie.com\/en\/wp-json\/wp\/v2\/types\/page"}],"author":[{"embeddable":true,"href":"https:\/\/iptv-polskie.com\/en\/wp-json\/wp\/v2\/users\/4"}],"replies":[{"embeddable":true,"href":"https:\/\/iptv-polskie.com\/en\/wp-json\/wp\/v2\/comments?post=1003"}],"version-history":[{"count":0,"href":"https:\/\/iptv-polskie.com\/en\/wp-json\/wp\/v2\/pages\/1003\/revisions"}],"wp:attachment":[{"href":"https:\/\/iptv-polskie.com\/en\/wp-json\/wp\/v2\/media?parent=1003"}],"curies":[{"name":"wp","href":"https:\/\/api.w.org\/{rel}","templated":true}]}}